{"id":12690,"date":"2025-11-11T22:42:17","date_gmt":"2025-11-11T13:42:17","guid":{"rendered":"https:\/\/guia-en-japon.com\/politique-de-confidentialite\/"},"modified":"2026-02-24T07:58:45","modified_gmt":"2026-02-23T22:58:45","slug":"politique-de-confidentialite","status":"publish","type":"page","link":"https:\/\/www.gojapanguides.com\/fr\/politique-de-confidentialite\/","title":{"rendered":"Politique de confidentialit\u00e9"},"content":{"rendered":"\t\t<div data-elementor-type=\"wp-page\" data-elementor-id=\"12690\" class=\"elementor elementor-12690 elementor-7591\">\n\t\t\t\t<div class=\"elementor-element elementor-element-c3f0238 e-con-full e-flex e-con e-parent\" data-id=\"c3f0238\" data-element_type=\"container\" data-e-type=\"container\" data-settings=\"{&quot;shape_divider_bottom&quot;:&quot;opacity-tilt&quot;}\">\n\t\t\t\t<div class=\"elementor-shape elementor-shape-bottom\" aria-hidden=\"true\" data-negative=\"false\">\n\t\t\t<svg xmlns=\"http:\/\/www.w3.org\/2000\/svg\" viewBox=\"0 0 2600 131.1\" preserveAspectRatio=\"none\">\n\t<path class=\"elementor-shape-fill\" d=\"M0 0L2600 0 2600 69.1 0 0z\"\/>\n\t<path class=\"elementor-shape-fill\" style=\"opacity:0.5\" d=\"M0 0L2600 0 2600 69.1 0 69.1z\"\/>\n\t<path class=\"elementor-shape-fill\" style=\"opacity:0.25\" d=\"M2600 0L0 0 0 130.1 2600 69.1z\"\/>\n<\/svg>\t\t<\/div>\n\t\t\t\t<div class=\"elementor-element elementor-element-a24cf15 elementor-widget elementor-widget-slider_revolution\" data-id=\"a24cf15\" data-element_type=\"widget\" data-e-type=\"widget\" data-widget_type=\"slider_revolution.default\">\n\t\t\t\t\t\n\t\t<div class=\"wp-block-themepunch-revslider\">\n\t\t\t\t<p class=\"rs-p-wp-fix\"><\/p>\n\t\t\t\t<sr7-module data-alias=\"privacy-slider\" data-id=\"37\" id=\"SR7_37_1\" class=\"rs-ov-hidden\" data-version=\"6.7.38\">\n\t\t\t\t\t<sr7-adjuster><\/sr7-adjuster>\n\t\t\t\t\t<sr7-content>\n\t\t\t\t\t\t<sr7-slide id=\"SR7_37_1-99\" data-key=\"99\">\n\t\t\t\t\t\t\t<sr7-bg id=\"SR7_37_1-99-4\" class=\"sr7-layer\"><noscript><img decoding=\"async\" src=\"https:\/\/guia-en-japon.com\/wp-content\/uploads\/2026\/02\/pp.png\" alt=\"\" title=\"pp\"><\/noscript><\/sr7-bg>\n\t\t\t\t\t\t\t<sr7-txt id=\"SR7_37_1-99-1\" class=\"sr7-layer\">Privacy Policy<br \/>\n<\/sr7-txt>\n\t\t\t\t\t\t<\/sr7-slide>\n\t\t\t\t\t\t<sr7-slide id=\"SR7_37_1-100\" data-key=\"100\">\n\t\t\t\t\t\t<\/sr7-slide>\n\t\t\t\t\t<\/sr7-content>\n\t\t\t\t\t<image_lists style=\"display:none\">\n\t\t\t\t\t\t<img data-src=\"\/\/guia-en-japon.com\/wp-content\/uploads\/2026\/02\/pp.png\" data-libid=\"13690\" data-lib=\"medialibrary\" title=\"pp\" width=\"0\" height=\"0\" data-dbsrc=\"Ly9ndWlhLWVuLWphcG9uLmNvbS93cC1jb250ZW50L3VwbG9hZHMvMjAyNi8wMi9wcC5wbmc=\"\/>\n\t\t\t\t\t<\/image_lists>\n\t\t\t\t<\/sr7-module>\n\t\t\t\t<script>\n\t\t\t\t\tSR7.PMH ??={}; SR7.PMH[\"SR7_37_1\"] = {cn:100,state:false,fn: function() { if (_tpt!==undefined && _tpt.prepareModuleHeight !== undefined) {  _tpt.prepareModuleHeight({id:\"SR7_37_1\",el:[600,600,600,600,720],type:'standard',shdw:'0',gh:[600,600,600,600,720],gw:[1240,1240,1240,1240,480],vpt:['-100px&#039;,&#039;-100px&#039;,&#039;-100px&#039;,&#039;-100px&#039;,&#039;-100px'],size:{fullWidth:true, fullHeight:false},mh:'0',onh:0,onw:0,bg:{color:'{\"orig\":\"transparent\",\"type\":\"solid\",\"string\":\"transparent\"}'}});   SR7.PMH[\"SR7_37_1\"].state=true;} else if(SR7.PMH[\"SR7_37_1\"].cn-->0)\tsetTimeout( SR7.PMH[\"SR7_37_1\"].fn,19);}};SR7.PMH[\"SR7_37_1\" ].fn();\n\t\t\t\t<\/script>\n<\/div>\n\n\t\t\t\t\t\t<\/div>\n\t\t\t\t<\/div>\n\t\t<div class=\"elementor-element elementor-element-e0d42f9 e-flex e-con-boxed e-con e-parent\" data-id=\"e0d42f9\" data-element_type=\"container\" data-e-type=\"container\" data-settings=\"{&quot;background_background&quot;:&quot;classic&quot;}\">\n\t\t\t\t\t<div class=\"e-con-inner\">\n\t\t\t\t<div class=\"elementor-element elementor-element-85238eb elementor-widget__width-initial elementor-widget elementor-widget-text-editor\" data-id=\"85238eb\" data-element_type=\"widget\" data-e-type=\"widget\" data-widget_type=\"text-editor.default\">\n\t\t\t\t\t\t\t\t\t<p data-start=\"131\" data-end=\"215\"><strong data-start=\"131\" data-end=\"182\">Politique de confidentialit\u00e9 et d&rsquo;annulation \u2013 Go Japan Guides<\/strong><br data-start=\"182\" data-end=\"185\"><em data-start=\"185\" data-end=\"213\">Derni\u00e8re mise \u00e0 jour : janvier 2026<\/em><\/p><p data-start=\"217\" data-end=\"324\"><strong data-start=\"217\" data-end=\"246\">1. Informations que nous collectons<\/strong><br data-start=\"246\" data-end=\"249\">Nous collectons les informations n\u00e9cessaires \u00e0 la fourniture de nos services touristiques, notamment :<\/p><ul data-start=\"325\" data-end=\"637\"><li data-start=\"325\" data-end=\"386\"><p data-start=\"327\" data-end=\"386\">Donn\u00e9es personnelles : nom, adresse \u00e9lectronique, num\u00e9ro de t\u00e9l\u00e9phone, nationalit\u00e9.<\/p><\/li><li data-start=\"387\" data-end=\"466\"><p data-start=\"389\" data-end=\"466\">D\u00e9tails de la r\u00e9servation : circuit s\u00e9lectionn\u00e9, dates, nombre de participants, pr\u00e9f\u00e9rences.<\/p><\/li><li data-start=\"467\" data-end=\"572\"><p data-start=\"469\" data-end=\"572\">Informations relatives au paiement : trait\u00e9es par des prestataires tiers s\u00e9curis\u00e9s ; nous ne conservons pas les informations relatives aux cartes bancaires.<\/p><\/li><\/ul><p data-start=\"639\" data-end=\"695\"><strong data-start=\"639\" data-end=\"662\">2. Utilisation de vos donn\u00e9es<\/strong><br data-start=\"662\" data-end=\"665\">Vos informations sont utilis\u00e9es pour :<\/p><ul data-start=\"696\" data-end=\"889\"><li data-start=\"696\" data-end=\"727\"><p data-start=\"698\" data-end=\"727\">Traiter et g\u00e9rer les r\u00e9servations<\/p><\/li><li data-start=\"728\" data-end=\"779\"><p data-start=\"730\" data-end=\"779\">Communiquer au sujet des r\u00e9servations ou des demandes de renseignements<\/p><\/li><li data-start=\"780\" data-end=\"818\"><p data-start=\"782\" data-end=\"818\">Fournir des services touristiques personnalis\u00e9s<\/p><\/li><li data-start=\"819\" data-end=\"855\"><p data-start=\"821\" data-end=\"855\">Am\u00e9liorer notre site Web et nos services<\/p><\/li><li data-start=\"856\" data-end=\"889\"><p data-start=\"858\" data-end=\"889\">Respecter les obligations l\u00e9gales<\/p><\/li><\/ul><p data-start=\"891\" data-end=\"984\"><strong data-start=\"891\" data-end=\"910\">3. Partage des donn\u00e9es<\/strong><br data-start=\"910\" data-end=\"913\">Nous ne vendons ni ne louons les donn\u00e9es personnelles. Les informations peuvent \u00eatre partag\u00e9es avec : <\/p><ul data-start=\"985\" data-end=\"1091\"><li data-start=\"985\" data-end=\"1028\"><p data-start=\"987\" data-end=\"1028\">Guides touristiques et partenaires locaux<\/p><\/li><li data-start=\"1029\" data-end=\"1050\"><p data-start=\"1031\" data-end=\"1050\">Prestataires de services de paiement<\/p><\/li><li data-start=\"1051\" data-end=\"1091\"><p data-start=\"1053\" data-end=\"1091\">Autorit\u00e9s judiciaires si la loi l&rsquo;exige<\/p><\/li><\/ul><p data-start=\"1093\" data-end=\"1243\"><strong data-start=\"1093\" data-end=\"1107\">4. Cookies<\/strong><br data-start=\"1107\" data-end=\"1110\">Les cookies permettent d&rsquo;assurer le bon fonctionnement du site web, d&rsquo;analyser son utilisation et d&rsquo;am\u00e9liorer l&rsquo;exp\u00e9rience utilisateur. Vous pouvez g\u00e9rer les cookies via les param\u00e8tres de votre navigateur. <\/p><p data-start=\"1245\" data-end=\"1394\"><strong data-start=\"1245\" data-end=\"1277\">5. Conservation et s\u00e9curit\u00e9 des donn\u00e9es<\/strong><br data-start=\"1277\" data-end=\"1280\">Les donn\u00e9es ne sont conserv\u00e9es que pendant la dur\u00e9e n\u00e9cessaire et sont prot\u00e9g\u00e9es par des mesures techniques et organisationnelles appropri\u00e9es.<\/p><p data-start=\"1396\" data-end=\"1559\"><strong data-start=\"1396\" data-end=\"1414\">6. Vos droits<\/strong><br data-start=\"1414\" data-end=\"1417\">Vous pouvez acc\u00e9der \u00e0 vos donn\u00e9es, les corriger, les supprimer ou limiter leur traitement, ou retirer votre consentement en nous contactant \u00e0 l&rsquo;adresse <strong data-start=\"1527\" data-end=\"1556\"><a class=\"decorated-link cursor-pointer\" rel=\"noopener\" data-start=\"1529\" data-end=\"1554\">contact@gojapanguides.com<\/a><\/strong>.<\/p><p data-start=\"1561\" data-end=\"1690\"><strong data-start=\"1561\" data-end=\"1591\">7. Transferts internationaux<\/strong><br data-start=\"1591\" data-end=\"1594\">Les donn\u00e9es peuvent \u00eatre trait\u00e9es ou stock\u00e9es au Japon ; des mesures de s\u00e9curit\u00e9 sont en place pour prot\u00e9ger vos informations.<\/p><p data-start=\"1692\" data-end=\"1714\"><strong data-start=\"1692\" data-end=\"1712\">8. Annulations<\/strong><\/p><ul data-start=\"1715\" data-end=\"1856\"><li data-start=\"1715\" data-end=\"1758\"><p data-start=\"1717\" data-end=\"1758\">Plus de 14 jours avant la visite : gratuit<\/p><\/li><li data-start=\"1759\" data-end=\"1788\"><p data-start=\"1761\" data-end=\"1788\">7 \u00e0 14 jours avant : frais de 30 %<\/p><\/li><li data-start=\"1789\" data-end=\"1817\"><p data-start=\"1791\" data-end=\"1817\">2 \u00e0 7 jours avant : frais de 50 %<\/p><\/li><li data-start=\"1818\" data-end=\"1856\"><p data-start=\"1820\" data-end=\"1856\">Moins de 48 heures : non remboursable<\/p><\/li><\/ul><p data-start=\"1858\" data-end=\"1928\"><strong data-start=\"1858\" data-end=\"1869\">Contact<\/strong><br data-start=\"1869\" data-end=\"1872\">Go Japan Guides<br data-start=\"1887\" data-end=\"1890\">E-mail : <strong data-start=\"1897\" data-end=\"1926\"><a class=\"decorated-link cursor-pointer\" rel=\"noopener\" data-start=\"1899\" data-end=\"1924\">contact@gojapanguides.com<\/a><\/strong><\/p>\t\t\t\t\t\t\t\t<\/div>\n\t\t\t\t\t<\/div>\n\t\t\t\t<\/div>\n\t\t\t\t<\/div>\n\t\t","protected":false},"excerpt":{"rendered":"<p>Politique de confidentialit\u00e9 et d&rsquo;annulation \u2013 Go Japan GuidesDerni\u00e8re mise \u00e0 jour : janvier 2026 1. Informations que nous collectonsNous collectons les informations n\u00e9cessaires \u00e0 la fourniture de nos services touristiques, notamment : Donn\u00e9es personnelles : nom, adresse \u00e9lectronique, num\u00e9ro de t\u00e9l\u00e9phone, nationalit\u00e9. D\u00e9tails de la r\u00e9servation : circuit s\u00e9lectionn\u00e9, dates, nombre de participants, pr\u00e9f\u00e9rences. [&hellip;]<\/p>\n","protected":false},"author":1,"featured_media":0,"parent":0,"menu_order":99,"comment_status":"closed","ping_status":"closed","template":"elementor_header_footer","meta":{"_monsterinsights_skip_tracking":false,"_monsterinsights_sitenote_active":false,"_monsterinsights_sitenote_note":"","_monsterinsights_sitenote_category":0,"footnotes":""},"class_list":["post-12690","page","type-page","status-publish","hentry"],"aioseo_notices":[],"jetpack_sharing_enabled":true,"_links":{"self":[{"href":"https:\/\/www.gojapanguides.com\/fr\/wp-json\/wp\/v2\/pages\/12690","targetHints":{"allow":["GET"]}}],"collection":[{"href":"https:\/\/www.gojapanguides.com\/fr\/wp-json\/wp\/v2\/pages"}],"about":[{"href":"https:\/\/www.gojapanguides.com\/fr\/wp-json\/wp\/v2\/types\/page"}],"author":[{"embeddable":true,"href":"https:\/\/www.gojapanguides.com\/fr\/wp-json\/wp\/v2\/users\/1"}],"replies":[{"embeddable":true,"href":"https:\/\/www.gojapanguides.com\/fr\/wp-json\/wp\/v2\/comments?post=12690"}],"version-history":[{"count":4,"href":"https:\/\/www.gojapanguides.com\/fr\/wp-json\/wp\/v2\/pages\/12690\/revisions"}],"predecessor-version":[{"id":14182,"href":"https:\/\/www.gojapanguides.com\/fr\/wp-json\/wp\/v2\/pages\/12690\/revisions\/14182"}],"wp:attachment":[{"href":"https:\/\/www.gojapanguides.com\/fr\/wp-json\/wp\/v2\/media?parent=12690"}],"curies":[{"name":"wp","href":"https:\/\/api.w.org\/{rel}","templated":true}]}}