{"id":13997,"date":"2025-11-11T22:42:17","date_gmt":"2025-11-11T13:42:17","guid":{"rendered":"https:\/\/guia-en-japon.com\/politica-de-privacidad\/"},"modified":"2026-02-24T07:58:32","modified_gmt":"2026-02-23T22:58:32","slug":"politica-de-privacidad","status":"publish","type":"page","link":"https:\/\/www.gojapanguides.com\/es\/politica-de-privacidad\/","title":{"rendered":"Pol\u00edtica de privacidad"},"content":{"rendered":"\t\t<div data-elementor-type=\"wp-page\" data-elementor-id=\"13997\" class=\"elementor elementor-13997 elementor-7591\">\n\t\t\t\t<div class=\"elementor-element elementor-element-c3f0238 e-con-full e-flex e-con e-parent\" data-id=\"c3f0238\" data-element_type=\"container\" data-e-type=\"container\" data-settings=\"{&quot;shape_divider_bottom&quot;:&quot;opacity-tilt&quot;}\">\n\t\t\t\t<div class=\"elementor-shape elementor-shape-bottom\" aria-hidden=\"true\" data-negative=\"false\">\n\t\t\t<svg xmlns=\"http:\/\/www.w3.org\/2000\/svg\" viewBox=\"0 0 2600 131.1\" preserveAspectRatio=\"none\">\n\t<path class=\"elementor-shape-fill\" d=\"M0 0L2600 0 2600 69.1 0 0z\"\/>\n\t<path class=\"elementor-shape-fill\" style=\"opacity:0.5\" d=\"M0 0L2600 0 2600 69.1 0 69.1z\"\/>\n\t<path class=\"elementor-shape-fill\" style=\"opacity:0.25\" d=\"M2600 0L0 0 0 130.1 2600 69.1z\"\/>\n<\/svg>\t\t<\/div>\n\t\t\t\t<div class=\"elementor-element elementor-element-a24cf15 elementor-widget elementor-widget-slider_revolution\" data-id=\"a24cf15\" data-element_type=\"widget\" data-e-type=\"widget\" data-widget_type=\"slider_revolution.default\">\n\t\t\t\t\t\n\t\t<div class=\"wp-block-themepunch-revslider\">\n\t\t\t\t<p class=\"rs-p-wp-fix\"><\/p>\n\t\t\t\t<sr7-module data-alias=\"privacy-slider\" data-id=\"37\" id=\"SR7_37_1\" class=\"rs-ov-hidden\" data-version=\"6.7.38\">\n\t\t\t\t\t<sr7-adjuster><\/sr7-adjuster>\n\t\t\t\t\t<sr7-content>\n\t\t\t\t\t\t<sr7-slide id=\"SR7_37_1-99\" data-key=\"99\">\n\t\t\t\t\t\t\t<sr7-bg id=\"SR7_37_1-99-4\" class=\"sr7-layer\"><noscript><img decoding=\"async\" src=\"https:\/\/guia-en-japon.com\/wp-content\/uploads\/2026\/02\/pp.png\" alt=\"\" title=\"pp\"><\/noscript><\/sr7-bg>\n\t\t\t\t\t\t\t<sr7-txt id=\"SR7_37_1-99-1\" class=\"sr7-layer\">Privacy Policy<br \/>\n<\/sr7-txt>\n\t\t\t\t\t\t<\/sr7-slide>\n\t\t\t\t\t\t<sr7-slide id=\"SR7_37_1-100\" data-key=\"100\">\n\t\t\t\t\t\t<\/sr7-slide>\n\t\t\t\t\t<\/sr7-content>\n\t\t\t\t\t<image_lists style=\"display:none\">\n\t\t\t\t\t\t<img data-src=\"\/\/guia-en-japon.com\/wp-content\/uploads\/2026\/02\/pp.png\" data-libid=\"13690\" data-lib=\"medialibrary\" title=\"pp\" width=\"0\" height=\"0\" data-dbsrc=\"Ly9ndWlhLWVuLWphcG9uLmNvbS93cC1jb250ZW50L3VwbG9hZHMvMjAyNi8wMi9wcC5wbmc=\"\/>\n\t\t\t\t\t<\/image_lists>\n\t\t\t\t<\/sr7-module>\n\t\t\t\t<script>\n\t\t\t\t\tSR7.PMH ??={}; SR7.PMH[\"SR7_37_1\"] = {cn:100,state:false,fn: function() { if (_tpt!==undefined && _tpt.prepareModuleHeight !== undefined) {  _tpt.prepareModuleHeight({id:\"SR7_37_1\",el:[600,600,600,600,720],type:'standard',shdw:'0',gh:[600,600,600,600,720],gw:[1240,1240,1240,1240,480],vpt:['-100px&#039;,&#039;-100px&#039;,&#039;-100px&#039;,&#039;-100px&#039;,&#039;-100px'],size:{fullWidth:true, fullHeight:false},mh:'0',onh:0,onw:0,bg:{color:'{\"orig\":\"transparent\",\"type\":\"solid\",\"string\":\"transparent\"}'}});   SR7.PMH[\"SR7_37_1\"].state=true;} else if(SR7.PMH[\"SR7_37_1\"].cn-->0)\tsetTimeout( SR7.PMH[\"SR7_37_1\"].fn,19);}};SR7.PMH[\"SR7_37_1\" ].fn();\n\t\t\t\t<\/script>\n<\/div>\n\n\t\t\t\t\t\t<\/div>\n\t\t\t\t<\/div>\n\t\t<div class=\"elementor-element elementor-element-e0d42f9 e-flex e-con-boxed e-con e-parent\" data-id=\"e0d42f9\" data-element_type=\"container\" data-e-type=\"container\" data-settings=\"{&quot;background_background&quot;:&quot;classic&quot;}\">\n\t\t\t\t\t<div class=\"e-con-inner\">\n\t\t\t\t<div class=\"elementor-element elementor-element-85238eb elementor-widget__width-initial elementor-widget elementor-widget-text-editor\" data-id=\"85238eb\" data-element_type=\"widget\" data-e-type=\"widget\" data-widget_type=\"text-editor.default\">\n\t\t\t\t\t\t\t\t\t<p data-start=\"131\" data-end=\"215\"><strong data-start=\"131\" data-end=\"182\">Pol\u00edtica de privacidad y cancelaci\u00f3n \u2013 Go Japan Guides<\/strong><br data-start=\"182\" data-end=\"185\"><em data-start=\"185\" data-end=\"213\">\u00daltima actualizaci\u00f3n: enero de 2026<\/em><\/p><p data-start=\"217\" data-end=\"324\"><strong data-start=\"217\" data-end=\"246\">1. Informaci\u00f3n que recopilamos<\/strong><br data-start=\"246\" data-end=\"249\">Recopilamos la informaci\u00f3n necesaria para prestar nuestros servicios tur\u00edsticos, incluyendo:<\/p><ul data-start=\"325\" data-end=\"637\"><li data-start=\"325\" data-end=\"386\"><p data-start=\"327\" data-end=\"386\">Datos personales: nombre, correo electr\u00f3nico, n\u00famero de tel\u00e9fono, nacionalidad.<\/p><\/li><li data-start=\"387\" data-end=\"466\"><p data-start=\"389\" data-end=\"466\">Detalles de la reserva: tour seleccionado, fechas, n\u00famero de participantes, preferencias.<\/p><\/li><li data-start=\"467\" data-end=\"572\"><p data-start=\"469\" data-end=\"572\">Informaci\u00f3n sobre pagos: procesados a trav\u00e9s de proveedores externos seguros; no almacenamos datos de tarjetas de cr\u00e9dito.<\/p><\/li><\/ul><p data-start=\"639\" data-end=\"695\"><strong data-start=\"639\" data-end=\"662\">2. Uso de sus datos<\/strong><br data-start=\"662\" data-end=\"665\">Su informaci\u00f3n se utiliza para:<\/p><ul data-start=\"696\" data-end=\"889\"><li data-start=\"696\" data-end=\"727\"><p data-start=\"698\" data-end=\"727\">Procesar y gestionar reservas<\/p><\/li><li data-start=\"728\" data-end=\"779\"><p data-start=\"730\" data-end=\"779\">Comunicarse en relaci\u00f3n con reservas o consultas.<\/p><\/li><li data-start=\"780\" data-end=\"818\"><p data-start=\"782\" data-end=\"818\">Provide personalized tour services<\/p><\/li><li data-start=\"819\" data-end=\"855\"><p data-start=\"821\" data-end=\"855\">Mejorar nuestro sitio web y nuestros servicios.<\/p><\/li><li data-start=\"856\" data-end=\"889\"><p data-start=\"858\" data-end=\"889\">Cumplir con las obligaciones legales.<\/p><\/li><\/ul><p data-start=\"891\" data-end=\"984\"><strong data-start=\"891\" data-end=\"910\">3. Intercambio de datos<\/strong><br data-start=\"910\" data-end=\"913\">No vendemos ni alquilamos datos personales. La informaci\u00f3n puede compartirse con: <\/p><ul data-start=\"985\" data-end=\"1091\"><li data-start=\"985\" data-end=\"1028\"><p data-start=\"987\" data-end=\"1028\">Gu\u00edas tur\u00edsticos y socios locales<\/p><\/li><li data-start=\"1029\" data-end=\"1050\"><p data-start=\"1031\" data-end=\"1050\">Proveedores de servicios de pago<\/p><\/li><li data-start=\"1051\" data-end=\"1091\"><p data-start=\"1053\" data-end=\"1091\">Las autoridades legales, si as\u00ed lo exige la ley.<\/p><\/li><\/ul><p data-start=\"1093\" data-end=\"1243\"><strong data-start=\"1093\" data-end=\"1107\">4. Cookies<\/strong><br data-start=\"1107\" data-end=\"1110\">Las cookies ayudan a garantizar el funcionamiento del sitio web, analizar su uso y mejorar la experiencia. Puede gestionar las cookies a trav\u00e9s de la configuraci\u00f3n de su navegador. <\/p><p data-start=\"1245\" data-end=\"1394\"><strong data-start=\"1245\" data-end=\"1277\">5. Conservaci\u00f3n y seguridad de los datos<\/strong><br data-start=\"1277\" data-end=\"1280\">Los datos se conservan solo durante el tiempo necesario y se protegen con las medidas t\u00e9cnicas y organizativas adecuadas.<\/p><p data-start=\"1396\" data-end=\"1559\"><strong data-start=\"1396\" data-end=\"1414\">6. Sus derechos<\/strong><br data-start=\"1414\" data-end=\"1417\">Puede acceder, corregir, eliminar o restringir el procesamiento de sus datos, o retirar su consentimiento poni\u00e9ndose en contacto con nosotros en <strong data-start=\"1527\" data-end=\"1556\"><a class=\"decorated-link cursor-pointer\" rel=\"noopener\" data-start=\"1529\" data-end=\"1554\">contact@gojapanguides.com<\/a><\/strong>.<\/p><p data-start=\"1561\" data-end=\"1690\"><strong data-start=\"1561\" data-end=\"1591\">7. Transferencias internacionales<\/strong><br data-start=\"1591\" data-end=\"1594\">Los datos pueden ser procesados o almacenados en Jap\u00f3n; existen medidas de seguridad para proteger su informaci\u00f3n.<\/p><p data-start=\"1692\" data-end=\"1714\"><strong data-start=\"1692\" data-end=\"1712\">8. Cancelaciones<\/strong><\/p><ul data-start=\"1715\" data-end=\"1856\"><li data-start=\"1715\" data-end=\"1758\"><p data-start=\"1717\" data-end=\"1758\">M\u00e1s de 14 d\u00edas antes del tour: gratis<\/p><\/li><li data-start=\"1759\" data-end=\"1788\"><p data-start=\"1761\" data-end=\"1788\">Entre 7 y 14 d\u00edas antes: 30 % de comisi\u00f3n.<\/p><\/li><li data-start=\"1789\" data-end=\"1817\"><p data-start=\"1791\" data-end=\"1817\">2-7 d\u00edas antes: 50 % de la tarifa<\/p><\/li><li data-start=\"1818\" data-end=\"1856\"><p data-start=\"1820\" data-end=\"1856\">Menos de 48 horas: no reembolsable<\/p><\/li><\/ul><p data-start=\"1858\" data-end=\"1928\"><strong data-start=\"1858\" data-end=\"1869\">Contacto<\/strong><br data-start=\"1869\" data-end=\"1872\">Gu\u00edas Go Japan<br data-start=\"1887\" data-end=\"1890\">Correo electr\u00f3nico: <strong data-start=\"1897\" data-end=\"1926\"><a class=\"decorated-link cursor-pointer\" rel=\"noopener\" data-start=\"1899\" data-end=\"1924\">contact@gojapanguides.com<\/a><\/strong><\/p>\t\t\t\t\t\t\t\t<\/div>\n\t\t\t\t\t<\/div>\n\t\t\t\t<\/div>\n\t\t\t\t<\/div>\n\t\t","protected":false},"excerpt":{"rendered":"<p>Pol\u00edtica de privacidad y cancelaci\u00f3n \u2013 Go Japan Guides\u00daltima actualizaci\u00f3n: enero de 2026 1. Informaci\u00f3n que recopilamosRecopilamos la informaci\u00f3n necesaria para prestar nuestros servicios tur\u00edsticos, incluyendo: Datos personales: nombre, correo electr\u00f3nico, n\u00famero de tel\u00e9fono, nacionalidad. Detalles de la reserva: tour seleccionado, fechas, n\u00famero de participantes, preferencias. Informaci\u00f3n sobre pagos: procesados a trav\u00e9s de proveedores externos [&hellip;]<\/p>\n","protected":false},"author":1,"featured_media":0,"parent":0,"menu_order":99,"comment_status":"closed","ping_status":"closed","template":"elementor_header_footer","meta":{"_monsterinsights_skip_tracking":false,"_monsterinsights_sitenote_active":false,"_monsterinsights_sitenote_note":"","_monsterinsights_sitenote_category":0,"footnotes":""},"class_list":["post-13997","page","type-page","status-publish","hentry"],"aioseo_notices":[],"jetpack_sharing_enabled":true,"_links":{"self":[{"href":"https:\/\/www.gojapanguides.com\/es\/wp-json\/wp\/v2\/pages\/13997","targetHints":{"allow":["GET"]}}],"collection":[{"href":"https:\/\/www.gojapanguides.com\/es\/wp-json\/wp\/v2\/pages"}],"about":[{"href":"https:\/\/www.gojapanguides.com\/es\/wp-json\/wp\/v2\/types\/page"}],"author":[{"embeddable":true,"href":"https:\/\/www.gojapanguides.com\/es\/wp-json\/wp\/v2\/users\/1"}],"replies":[{"embeddable":true,"href":"https:\/\/www.gojapanguides.com\/es\/wp-json\/wp\/v2\/comments?post=13997"}],"version-history":[{"count":2,"href":"https:\/\/www.gojapanguides.com\/es\/wp-json\/wp\/v2\/pages\/13997\/revisions"}],"predecessor-version":[{"id":14179,"href":"https:\/\/www.gojapanguides.com\/es\/wp-json\/wp\/v2\/pages\/13997\/revisions\/14179"}],"wp:attachment":[{"href":"https:\/\/www.gojapanguides.com\/es\/wp-json\/wp\/v2\/media?parent=13997"}],"curies":[{"name":"wp","href":"https:\/\/api.w.org\/{rel}","templated":true}]}}